{"id":90,"date":"2018-04-08T13:33:24","date_gmt":"2018-04-08T11:33:24","guid":{"rendered":"http:\/\/31.172.95.69:81\/?page_id=90"},"modified":"2018-04-11T10:17:58","modified_gmt":"2018-04-11T08:17:58","slug":"burnout-praevention-2","status":"publish","type":"page","link":"https:\/\/mkeller-businesscoaching.de\/index.php\/burnout-praevention-2\/","title":{"rendered":"Burnout-Pr\u00e4vention"},"content":{"rendered":"<h5>Burnout hat viele Gesichter<\/h5>\n<h5>Worum geht es?<\/h5>\n<p>Der anspruchsvolle Berufsalltag f\u00fchrt immer h\u00e4ufiger zu \u00dcberlastung. F\u00fchrungskr\u00e4fte und Mitarbeiter f\u00fchlen sich gestresst. Hektik bestimmt den Tag. Strategien zur f\u00f6rderlichen Gestaltung des Alltags werden zu Gunsten kurzfristiger Aufgabenerledigung in den Hintergrund gedr\u00e4ngt. Auch in Ruhezeiten finden viele Menschen nicht mehr die ben\u00f6tigte Entspannung. Als Folge stellen sich erste Konzentrationsschwierigkeiten und Ungenauigkeiten ein, langfristig droht die Gefahr psychischer und physischer Erkrankungen. Neue Studien untermauern, dass anhaltender psychischer Stress zu Depressionen und schweren Gesundheitssch\u00e4den f\u00fchrt.<\/p>\n<h5>Zielgruppe<\/h5>\n<p>F\u00fchrungskr\u00e4fte und Mitarbeiter, die Ihr Selbstmanagement verbessern und sich gezielt mit Ihren M\u00f6glichkeiten zur Burnout-Pr\u00e4vention auseinandersetzen wollen.<\/p>\n<p>F\u00fchrungskr\u00e4fte, die ihr Wissen \u00fcber Burnout und die Folgen von Dauerstress erweitern und neue Handlungsans\u00e4tze kennen lernen m\u00f6chten.<\/p>\n<h5>Inhalte und Methoden<\/h5>\n<p>Die Teilnehmer entwickeln im Seminar Strategien zur Burnout-Pr\u00e4vention und zum langfristigen Erhalt ihrer Gesundheit und Motivation. Sie vertiefen Methoden, die dabei unterst\u00fctzen, einen gesunden Tagesrhythmus unter Ber\u00fccksichtigung der Chronobiologie und eine ausgewogene Work-Life-Balance zu gestalten.<\/p>\n<p>Die Teilnehmer erfahren, wie sie fr\u00fchzeitig Belastungen erkennen und erste Warnsignale richtig deuten. Sie identifizieren ihre individuellen Ressourcen, um diesen zu begegnen. Mithilfe des Z\u00fcrcher Ressourcen Modells (ZRM nach Dr. Maja Storch und Dr. Frank Krause) bauen sie ihre Selbstmanagmentf\u00e4higkeiten aus. Au\u00dferdem werden Instrumente des Gesundheitsmanagements aufgezeigt, mit denen individuelle Gesundheit unterst\u00fctzt und ein gesundheitsf\u00f6rderndes Arbeitsumfeld geschaffen werden kann.<\/p>\n<p>In einem kleinen Teilnehmerkreis erleben die Teilnehmer eine klare Tagesstruktur, in der sich Zeiten der Arbeit mit Pausen und Zeiten der Stille abwechseln. Neben der inhaltlichen Arbeit werden Techniken vermittelt, die helfen zur Ruhe zu kommen und zu entspannen.<\/p>\n","protected":false},"excerpt":{"rendered":"<p>Burnout hat viele Gesichter Worum geht es? Der anspruchsvolle Berufsalltag f\u00fchrt immer h\u00e4ufiger zu \u00dcberlastung. F\u00fchrungskr\u00e4fte und Mitarbeiter f\u00fchlen sich gestresst. Hektik bestimmt den Tag. Strategien zur f\u00f6rderlichen Gestaltung des Alltags werden zu Gunsten kurzfristiger Aufgabenerledigung in den Hintergrund gedr\u00e4ngt. Auch in Ruhezeiten finden viele Menschen nicht mehr die ben\u00f6tigte Entspannung. Als Folge stellen sich &hellip; <\/p>\n<p class=\"link-more\"><a href=\"https:\/\/mkeller-businesscoaching.de\/index.php\/burnout-praevention-2\/\" class=\"more-link\"><span class=\"screen-reader-text\">\u201eBurnout-Pr\u00e4vention\u201c<\/span> weiterlesen<\/a><\/p>\n","protected":false},"author":2,"featured_media":0,"parent":0,"menu_order":0,"comment_status":"closed","ping_status":"closed","template":"","meta":{"footnotes":""},"_links":{"self":[{"href":"https:\/\/mkeller-businesscoaching.de\/index.php\/wp-json\/wp\/v2\/pages\/90"}],"collection":[{"href":"https:\/\/mkeller-businesscoaching.de\/index.php\/wp-json\/wp\/v2\/pages"}],"about":[{"href":"https:\/\/mkeller-businesscoaching.de\/index.php\/wp-json\/wp\/v2\/types\/page"}],"author":[{"embeddable":true,"href":"https:\/\/mkeller-businesscoaching.de\/index.php\/wp-json\/wp\/v2\/users\/2"}],"replies":[{"embeddable":true,"href":"https:\/\/mkeller-businesscoaching.de\/index.php\/wp-json\/wp\/v2\/comments?post=90"}],"version-history":[{"count":3,"href":"https:\/\/mkeller-businesscoaching.de\/index.php\/wp-json\/wp\/v2\/pages\/90\/revisions"}],"predecessor-version":[{"id":182,"href":"https:\/\/mkeller-businesscoaching.de\/index.php\/wp-json\/wp\/v2\/pages\/90\/revisions\/182"}],"wp:attachment":[{"href":"https:\/\/mkeller-businesscoaching.de\/index.php\/wp-json\/wp\/v2\/media?parent=90"}],"curies":[{"name":"wp","href":"https:\/\/api.w.org\/{rel}","templated":true}]}}