{"id":86,"date":"2018-04-08T13:32:02","date_gmt":"2018-04-08T11:32:02","guid":{"rendered":"http:\/\/31.172.95.69:81\/?page_id=86"},"modified":"2018-04-11T10:29:15","modified_gmt":"2018-04-11T08:29:15","slug":"zeitmanagement","status":"publish","type":"page","link":"https:\/\/mkeller-businesscoaching.de\/index.php\/zeitmanagement\/","title":{"rendered":"Zeitmanagement"},"content":{"rendered":"<h5>Die wichtigen Dinge tun<\/h5>\n<h5>Worum geht es?<\/h5>\n<p>Besch\u00e4ftigen Sie sich in Ihrem Berufsalltag mit den wirklich wichtigen Dingen oder lassen Sie sich noch von unwichtigen Nebens\u00e4chlichkeiten ablenken?<\/p>\n<p>F\u00fchrungskr\u00e4fte und Selbstst\u00e4ndige stehen in einem anspruchsvollen, operativen Tagesgesch\u00e4ft. Zeit f\u00fcr Strategien, Planungen und f\u00fcr die Kontaktpflege der wichtigen Kunden fehlt h\u00e4ufig. Der Tag und die Woche werden den beruflichen Terminen untergeordnet. Es ist immer schwieriger, eine Balance zwischen Berufs- und Privatleben zu finden.<\/p>\n<p>Wir erleben eine stetige Beschleunigung, ein \u201eImmer-mehr-immer-schneller\u201c. Wir leiden unter subjektiv empfundener Zeitnot, Fehler h\u00e4ufen sich. Reagieren an Stelle von Agieren &#8211; Raum f\u00fcr Kreativit\u00e4t geht verloren. Es ist wenig erfolgversprechend und gesundheitlich bedenklich, noch mehr in noch weniger Zeit schaffen zu wollen.<\/p>\n<h5>Inhalte<\/h5>\n<p>In meinem Seminar geht es darum, einen ressourcenorientierten Umgang mit der eigenen Leistungskraft und Zeit zu lernen, um langfristig gesund und erfolgreich zu sein.<\/p>\n<p>Es geht um Antworten auf die Fragen: Wie lerne ich, mich auf das zu konzentrieren, was wirklich wichtig ist? Wie werde ich Zeitdiebe und Zeitr\u00e4uber los? Welche pers\u00f6nlichen Werte und Ziele habe ich? Was sind meine Ressourcen und Quellen der Kraft? Wie finde ich meinen eigenen Rhythmus und meine individuelle Lebensbalance?<\/p>\n<h5>Methoden<\/h5>\n<p>Ein kleiner Kreis von Teilnehmern schafft den Rahmen, intensiv an den f\u00fcr die Teilnehmer wichtigen Themen zu arbeiten. Das Seminar besteht aus Vortr\u00e4gen, Diskussionen und Einzel\u00fcbungen.<\/p>\n<p>Durch das Seminar zieht sich eine klare Tagesstruktur, in der sich Zeiten der Arbeit mit Pausen und Zeiten der Stille abwechseln. Neben der inhaltlichen Arbeit werden Techniken ge\u00fcbt, die helfen, zur Ruhe zu kommen und die Leistungsf\u00e4higkeit zu erhalten.<\/p>\n","protected":false},"excerpt":{"rendered":"<p>Die wichtigen Dinge tun Worum geht es? Besch\u00e4ftigen Sie sich in Ihrem Berufsalltag mit den wirklich wichtigen Dingen oder lassen Sie sich noch von unwichtigen Nebens\u00e4chlichkeiten ablenken? F\u00fchrungskr\u00e4fte und Selbstst\u00e4ndige stehen in einem anspruchsvollen, operativen Tagesgesch\u00e4ft. Zeit f\u00fcr Strategien, Planungen und f\u00fcr die Kontaktpflege der wichtigen Kunden fehlt h\u00e4ufig. Der Tag und die Woche werden &hellip; <\/p>\n<p class=\"link-more\"><a href=\"https:\/\/mkeller-businesscoaching.de\/index.php\/zeitmanagement\/\" class=\"more-link\"><span class=\"screen-reader-text\">\u201eZeitmanagement\u201c<\/span> weiterlesen<\/a><\/p>\n","protected":false},"author":2,"featured_media":0,"parent":0,"menu_order":0,"comment_status":"closed","ping_status":"closed","template":"","meta":{"footnotes":""},"_links":{"self":[{"href":"https:\/\/mkeller-businesscoaching.de\/index.php\/wp-json\/wp\/v2\/pages\/86"}],"collection":[{"href":"https:\/\/mkeller-businesscoaching.de\/index.php\/wp-json\/wp\/v2\/pages"}],"about":[{"href":"https:\/\/mkeller-businesscoaching.de\/index.php\/wp-json\/wp\/v2\/types\/page"}],"author":[{"embeddable":true,"href":"https:\/\/mkeller-businesscoaching.de\/index.php\/wp-json\/wp\/v2\/users\/2"}],"replies":[{"embeddable":true,"href":"https:\/\/mkeller-businesscoaching.de\/index.php\/wp-json\/wp\/v2\/comments?post=86"}],"version-history":[{"count":2,"href":"https:\/\/mkeller-businesscoaching.de\/index.php\/wp-json\/wp\/v2\/pages\/86\/revisions"}],"predecessor-version":[{"id":198,"href":"https:\/\/mkeller-businesscoaching.de\/index.php\/wp-json\/wp\/v2\/pages\/86\/revisions\/198"}],"wp:attachment":[{"href":"https:\/\/mkeller-businesscoaching.de\/index.php\/wp-json\/wp\/v2\/media?parent=86"}],"curies":[{"name":"wp","href":"https:\/\/api.w.org\/{rel}","templated":true}]}}