{"id":8,"date":"2018-03-17T03:14:42","date_gmt":"2018-03-17T02:14:42","guid":{"rendered":"http:\/\/31.172.95.69:81\/?page_id=8"},"modified":"2018-04-11T10:24:31","modified_gmt":"2018-04-11T08:24:31","slug":"impressum","status":"publish","type":"page","link":"https:\/\/mkeller-businesscoaching.de\/index.php\/impressum\/","title":{"rendered":"Impressum"},"content":{"rendered":"<p>Gem\u00e4\u00df Telemediengesetz (TMG) und Dienstleistungs-Informationspflichtverordnung (DL-InfoV):<\/p>\n<h5><strong>Websitebetreiber<\/strong><\/h5>\n<p>Monika Keller<br \/>\nManagementberatung &amp; Businesscoaching<br \/>\nLieneschweg 23<br \/>\n49076 Osnabr\u00fcck<\/p>\n<p>Tel.: 0541- 580 38 57<br \/>\nFax: 0541- 580 38 87<br \/>\nE-Mail: office[at]mkeller-businesscoaching[punkt]de<br \/>\nWebsite: https:\/\/ww2.mkeller-businesscoaching.de<\/p>\n<p>Umsatzsteuer-IdNr.: DE 259714578<\/p>\n<h5>Haftung<\/h5>\n<p>Haftung ist soweit ausgeschlossen, als diese nicht auf vors\u00e4tzlichem Handeln oder grober Fahrl\u00e4ssigkeit beruht.<\/p>\n<h5>Externe Links<\/h5>\n<p>Trotz sorgf\u00e4ltiger inhaltlicher Kontrolle \u00fcbernehme ich keine Haftung f\u00fcr die Inhalte externer Links. F\u00fcr den Inhalt der verlinkten Seiten sind ausschlie\u00dflich deren Betreiber verantwortlich.<\/p>\n<p>&nbsp;<\/p>\n<p>&nbsp;<\/p>\n","protected":false},"excerpt":{"rendered":"<p>Gem\u00e4\u00df Telemediengesetz (TMG) und Dienstleistungs-Informationspflichtverordnung (DL-InfoV): Websitebetreiber Monika Keller Managementberatung &amp; Businesscoaching Lieneschweg 23 49076 Osnabr\u00fcck Tel.: 0541- 580 38 57 Fax: 0541- 580 38 87 E-Mail: office[at]mkeller-businesscoaching[punkt]de Website: https:\/\/ww2.mkeller-businesscoaching.de Umsatzsteuer-IdNr.: DE 259714578 Haftung Haftung ist soweit ausgeschlossen, als diese nicht auf vors\u00e4tzlichem Handeln oder grober Fahrl\u00e4ssigkeit beruht. Externe Links Trotz sorgf\u00e4ltiger inhaltlicher Kontrolle \u00fcbernehme &hellip; <\/p>\n<p class=\"link-more\"><a href=\"https:\/\/mkeller-businesscoaching.de\/index.php\/impressum\/\" class=\"more-link\"><span class=\"screen-reader-text\">\u201eImpressum\u201c<\/span> weiterlesen<\/a><\/p>\n","protected":false},"author":1,"featured_media":0,"parent":0,"menu_order":0,"comment_status":"closed","ping_status":"closed","template":"","meta":{"footnotes":""},"_links":{"self":[{"href":"https:\/\/mkeller-businesscoaching.de\/index.php\/wp-json\/wp\/v2\/pages\/8"}],"collection":[{"href":"https:\/\/mkeller-businesscoaching.de\/index.php\/wp-json\/wp\/v2\/pages"}],"about":[{"href":"https:\/\/mkeller-businesscoaching.de\/index.php\/wp-json\/wp\/v2\/types\/page"}],"author":[{"embeddable":true,"href":"https:\/\/mkeller-businesscoaching.de\/index.php\/wp-json\/wp\/v2\/users\/1"}],"replies":[{"embeddable":true,"href":"https:\/\/mkeller-businesscoaching.de\/index.php\/wp-json\/wp\/v2\/comments?post=8"}],"version-history":[{"count":6,"href":"https:\/\/mkeller-businesscoaching.de\/index.php\/wp-json\/wp\/v2\/pages\/8\/revisions"}],"predecessor-version":[{"id":189,"href":"https:\/\/mkeller-businesscoaching.de\/index.php\/wp-json\/wp\/v2\/pages\/8\/revisions\/189"}],"wp:attachment":[{"href":"https:\/\/mkeller-businesscoaching.de\/index.php\/wp-json\/wp\/v2\/media?parent=8"}],"curies":[{"name":"wp","href":"https:\/\/api.w.org\/{rel}","templated":true}]}}