{"id":76,"date":"2018-04-08T13:29:00","date_gmt":"2018-04-08T11:29:00","guid":{"rendered":"http:\/\/31.172.95.69:81\/?page_id=76"},"modified":"2018-04-11T10:27:10","modified_gmt":"2018-04-11T08:27:10","slug":"projekt-coaching","status":"publish","type":"page","link":"https:\/\/mkeller-businesscoaching.de\/index.php\/projekt-coaching\/","title":{"rendered":"Projekt-Coaching"},"content":{"rendered":"<h5>Projekte zum Erfolg f\u00fchren<\/h5>\n<p>H\u00e4ufig geht es um viel Geld oder ein gro\u00dfes Risiko. Auch noch so gute Projektmanager k\u00f6nnen nur eine bestimmte Komplexit\u00e4t \u00fcberblicken. Durch ineffizientes Projektmanagement oder mangelnde Kommunikation k\u00f6nnen Projekte scheitern, nicht das gew\u00fcnschte Ergebnis bringen oder zu teuren Fehlern f\u00fchren.<\/p>\n<p>Als Coach des Projektmanagers erg\u00e4nze ich das Projekt durch den Blick von au\u00dfen. Das Projektcoaching unterst\u00fctzt einen professionellen Projektstart und eine sichere Projektdurchf\u00fchrung. Ich \u00fcbernehme die Rolle eines Sparringspartners f\u00fcr die t\u00e4glich wechselnden Fragestellungen und bin kritische Ratgeberin. Meine langj\u00e4hrige Erfahrung in der Durchf\u00fchrung von Projekten garantiert eine Beratung auf Augenh\u00f6he.<\/p>\n<p>Konkret f\u00fchrt Projektcoaching zur Reduzierung von Fehlern, Zeitersparnis durch h\u00f6here Effizienz und Effektivit\u00e4t, besseres Projektmanagement und mehr Struktur im Projekt. Projektcoaching unterst\u00fctzt au\u00dferdem bei den &#8222;weichen&#8220; Erfolgsfaktoren, wie beispielsweise den Kommunikationsprozess.<\/p>\n<p>Die externe Beratung und Prozessbegleitung ist eine effektive Form der Weiterbildung des Projektmanagers. Die Qualit\u00e4t als Projektleiter wird besser. Verhandlungs- und L\u00f6sungskompetenz werden gest\u00e4rkt. Der Projektmanager erh\u00e4lt Gelegenheit, Situationen durch zu spielen und wird ermutigt, Dinge anders zu sehen und Neues zu versuchen. Gleichzeitig hilft Projektcoaching dabei, mit den eigenen Ressourcen und denen der eingebundenen Mitarbeiter angemessen umzugehen. Projektcoaching gibt Sicherheit und Motivation f\u00fcr den Projektmanager.<\/p>\n","protected":false},"excerpt":{"rendered":"<p>Projekte zum Erfolg f\u00fchren H\u00e4ufig geht es um viel Geld oder ein gro\u00dfes Risiko. Auch noch so gute Projektmanager k\u00f6nnen nur eine bestimmte Komplexit\u00e4t \u00fcberblicken. Durch ineffizientes Projektmanagement oder mangelnde Kommunikation k\u00f6nnen Projekte scheitern, nicht das gew\u00fcnschte Ergebnis bringen oder zu teuren Fehlern f\u00fchren. Als Coach des Projektmanagers erg\u00e4nze ich das Projekt durch den Blick &hellip; <\/p>\n<p class=\"link-more\"><a href=\"https:\/\/mkeller-businesscoaching.de\/index.php\/projekt-coaching\/\" class=\"more-link\"><span class=\"screen-reader-text\">\u201eProjekt-Coaching\u201c<\/span> weiterlesen<\/a><\/p>\n","protected":false},"author":2,"featured_media":0,"parent":0,"menu_order":0,"comment_status":"closed","ping_status":"closed","template":"","meta":{"footnotes":""},"_links":{"self":[{"href":"https:\/\/mkeller-businesscoaching.de\/index.php\/wp-json\/wp\/v2\/pages\/76"}],"collection":[{"href":"https:\/\/mkeller-businesscoaching.de\/index.php\/wp-json\/wp\/v2\/pages"}],"about":[{"href":"https:\/\/mkeller-businesscoaching.de\/index.php\/wp-json\/wp\/v2\/types\/page"}],"author":[{"embeddable":true,"href":"https:\/\/mkeller-businesscoaching.de\/index.php\/wp-json\/wp\/v2\/users\/2"}],"replies":[{"embeddable":true,"href":"https:\/\/mkeller-businesscoaching.de\/index.php\/wp-json\/wp\/v2\/comments?post=76"}],"version-history":[{"count":2,"href":"https:\/\/mkeller-businesscoaching.de\/index.php\/wp-json\/wp\/v2\/pages\/76\/revisions"}],"predecessor-version":[{"id":195,"href":"https:\/\/mkeller-businesscoaching.de\/index.php\/wp-json\/wp\/v2\/pages\/76\/revisions\/195"}],"wp:attachment":[{"href":"https:\/\/mkeller-businesscoaching.de\/index.php\/wp-json\/wp\/v2\/media?parent=76"}],"curies":[{"name":"wp","href":"https:\/\/api.w.org\/{rel}","templated":true}]}}