{"id":74,"date":"2018-04-08T13:27:55","date_gmt":"2018-04-08T11:27:55","guid":{"rendered":"http:\/\/31.172.95.69:81\/?page_id=74"},"modified":"2018-04-11T10:25:43","modified_gmt":"2018-04-11T08:25:43","slug":"life-coaching","status":"publish","type":"page","link":"https:\/\/mkeller-businesscoaching.de\/index.php\/life-coaching\/","title":{"rendered":"Life-Coaching"},"content":{"rendered":"<h5>Work-Life-Balance<\/h5>\n<p>Um langfristig eine zufriedene und erfolgreiche F\u00fchrungskraft zu sein, ist es wichtig, zwischen den unterschiedlichen Lebensbereichen in Balance zu sein. Auch als F\u00fchrungskraft sind Sie ein Mensch mit K\u00f6rper, Geist, Herz und Gef\u00fchl. Vernachl\u00e4ssigungen in einzelnen Lebensbereichen k\u00f6nnen langfristig zu Krankheit, sozialer Isolation, Depression und Burnout f\u00fchren.<\/p>\n<p>Als F\u00fchrungskraft sind Sie Vorbild f\u00fcr Ihre Mitarbeiter. Defizite, die Sie vorleben, sind daher geeignet, nicht nur Sie sondern auch Ihre Mitarbeiter und die Organisation krank zu machen.<\/p>\n<p>Im Life-Coaching lernen Sie, wie Sie zu einer ausgewogenen Balance und mehr Lebens- und F\u00fchrungsqualit\u00e4t finden.<\/p>\n","protected":false},"excerpt":{"rendered":"<p>Work-Life-Balance Um langfristig eine zufriedene und erfolgreiche F\u00fchrungskraft zu sein, ist es wichtig, zwischen den unterschiedlichen Lebensbereichen in Balance zu sein. Auch als F\u00fchrungskraft sind Sie ein Mensch mit K\u00f6rper, Geist, Herz und Gef\u00fchl. Vernachl\u00e4ssigungen in einzelnen Lebensbereichen k\u00f6nnen langfristig zu Krankheit, sozialer Isolation, Depression und Burnout f\u00fchren. Als F\u00fchrungskraft sind Sie Vorbild f\u00fcr Ihre &hellip; <\/p>\n<p class=\"link-more\"><a href=\"https:\/\/mkeller-businesscoaching.de\/index.php\/life-coaching\/\" class=\"more-link\"><span class=\"screen-reader-text\">\u201eLife-Coaching\u201c<\/span> weiterlesen<\/a><\/p>\n","protected":false},"author":2,"featured_media":0,"parent":0,"menu_order":0,"comment_status":"closed","ping_status":"closed","template":"","meta":{"footnotes":""},"_links":{"self":[{"href":"https:\/\/mkeller-businesscoaching.de\/index.php\/wp-json\/wp\/v2\/pages\/74"}],"collection":[{"href":"https:\/\/mkeller-businesscoaching.de\/index.php\/wp-json\/wp\/v2\/pages"}],"about":[{"href":"https:\/\/mkeller-businesscoaching.de\/index.php\/wp-json\/wp\/v2\/types\/page"}],"author":[{"embeddable":true,"href":"https:\/\/mkeller-businesscoaching.de\/index.php\/wp-json\/wp\/v2\/users\/2"}],"replies":[{"embeddable":true,"href":"https:\/\/mkeller-businesscoaching.de\/index.php\/wp-json\/wp\/v2\/comments?post=74"}],"version-history":[{"count":2,"href":"https:\/\/mkeller-businesscoaching.de\/index.php\/wp-json\/wp\/v2\/pages\/74\/revisions"}],"predecessor-version":[{"id":192,"href":"https:\/\/mkeller-businesscoaching.de\/index.php\/wp-json\/wp\/v2\/pages\/74\/revisions\/192"}],"wp:attachment":[{"href":"https:\/\/mkeller-businesscoaching.de\/index.php\/wp-json\/wp\/v2\/media?parent=74"}],"curies":[{"name":"wp","href":"https:\/\/api.w.org\/{rel}","templated":true}]}}