{"id":72,"date":"2018-04-08T13:27:17","date_gmt":"2018-04-08T11:27:17","guid":{"rendered":"http:\/\/31.172.95.69:81\/?page_id=72"},"modified":"2018-04-11T10:20:50","modified_gmt":"2018-04-11T08:20:50","slug":"businss-coaching","status":"publish","type":"page","link":"https:\/\/mkeller-businesscoaching.de\/index.php\/businss-coaching\/","title":{"rendered":"Business-Coaching"},"content":{"rendered":"<h5>Jeder hat die St\u00e4rken und Ressourcen in sich, die er braucht<\/h5>\n<p>Im Coaching geht es um eine individuelle, zielbezogene Unterst\u00fctzung bei konkreten Anliegen. Coaching ist eine effektive Methode, die Sie ma\u00dfgeschneidert bei Ver\u00e4nderungsprozessen, \u00dcbernahme neuer Funktionen und konkreten Problemen im beruflichen Alltag unterst\u00fctzt.<\/p>\n<p>Ich arbeite ressourcen- und l\u00f6sungsorientiert. Nicht der Blick auf die Probleme ist zielf\u00fchrend, sondern die Entwicklung Ihrer Ressourcen.<\/p>\n<p>Als Coach \u00fcbernehme ich die F\u00fchrung f\u00fcr den Coachingprozess und gestalte ihn aktiv. Ich unterst\u00fctze Sie darin, Ihren Blickwinkel zu ver\u00e4ndern und Ihre Kompetenzen zu erweitern. Das Ziel und den Umfang des Coachingsprozesses bestimmen Sie.<\/p>\n<p>Soweit es um ein konkretes Anliegen geht, arbeite ich in einem vereinbarten, zeitlich befristeten Rahmen. Coaching kann aber auch zur kontinuierlichen und messbaren Weiterentwicklung als l\u00e4ngere Begleitung genutzt werden.<\/p>\n<h5>Beispiele f\u00fcr Coachingthemen<\/h5>\n<ul>\n<li>Ausbau von pers\u00f6nlichen Kompetenzen<\/li>\n<li>Umgang mit Ver\u00e4nderungsprozessen<\/li>\n<li>Reflexion des F\u00fchrungsstils<\/li>\n<li>Konkrete Anliegen aus dem beruflichen Alltag<\/li>\n<li>Onboard Coaching<\/li>\n<li>Selbst- und Zeitmanagement<\/li>\n<li>Burnout-Pr\u00e4vention<\/li>\n<\/ul>\n","protected":false},"excerpt":{"rendered":"<p>Jeder hat die St\u00e4rken und Ressourcen in sich, die er braucht Im Coaching geht es um eine individuelle, zielbezogene Unterst\u00fctzung bei konkreten Anliegen. Coaching ist eine effektive Methode, die Sie ma\u00dfgeschneidert bei Ver\u00e4nderungsprozessen, \u00dcbernahme neuer Funktionen und konkreten Problemen im beruflichen Alltag unterst\u00fctzt. Ich arbeite ressourcen- und l\u00f6sungsorientiert. Nicht der Blick auf die Probleme ist &hellip; <\/p>\n<p class=\"link-more\"><a href=\"https:\/\/mkeller-businesscoaching.de\/index.php\/businss-coaching\/\" class=\"more-link\"><span class=\"screen-reader-text\">\u201eBusiness-Coaching\u201c<\/span> weiterlesen<\/a><\/p>\n","protected":false},"author":2,"featured_media":0,"parent":0,"menu_order":0,"comment_status":"closed","ping_status":"closed","template":"","meta":{"footnotes":""},"_links":{"self":[{"href":"https:\/\/mkeller-businesscoaching.de\/index.php\/wp-json\/wp\/v2\/pages\/72"}],"collection":[{"href":"https:\/\/mkeller-businesscoaching.de\/index.php\/wp-json\/wp\/v2\/pages"}],"about":[{"href":"https:\/\/mkeller-businesscoaching.de\/index.php\/wp-json\/wp\/v2\/types\/page"}],"author":[{"embeddable":true,"href":"https:\/\/mkeller-businesscoaching.de\/index.php\/wp-json\/wp\/v2\/users\/2"}],"replies":[{"embeddable":true,"href":"https:\/\/mkeller-businesscoaching.de\/index.php\/wp-json\/wp\/v2\/comments?post=72"}],"version-history":[{"count":4,"href":"https:\/\/mkeller-businesscoaching.de\/index.php\/wp-json\/wp\/v2\/pages\/72\/revisions"}],"predecessor-version":[{"id":184,"href":"https:\/\/mkeller-businesscoaching.de\/index.php\/wp-json\/wp\/v2\/pages\/72\/revisions\/184"}],"wp:attachment":[{"href":"https:\/\/mkeller-businesscoaching.de\/index.php\/wp-json\/wp\/v2\/media?parent=72"}],"curies":[{"name":"wp","href":"https:\/\/api.w.org\/{rel}","templated":true}]}}