{"id":68,"date":"2018-04-08T13:25:55","date_gmt":"2018-04-08T11:25:55","guid":{"rendered":"http:\/\/31.172.95.69:81\/?page_id=68"},"modified":"2018-04-11T10:17:05","modified_gmt":"2018-04-11T08:17:05","slug":"burnout-praevention","status":"publish","type":"page","link":"https:\/\/mkeller-businesscoaching.de\/index.php\/burnout-praevention\/","title":{"rendered":"Burnout-Pr\u00e4vention"},"content":{"rendered":"<h5>Dauerstress wirksam begegnen<\/h5>\n<p>Das Burnout-Syndrom ist zurzeit in aller Munde. Insgesamt haben die psychischen Erkrankungen in den letzten Jahren stark zugenommen. Vom Burnout-Symptom sind h\u00e4ufig diejenigen betroffen, die sich besonders engagiert, mit viel Ehrgeiz und Idealismus einer Aufgabe widmen. Vor\u00fcbergehende Stresssituationen k\u00f6nnen wir in der Regel gut verkraften, wenn der Stress aber \u00fcber Monate oder Jahre anh\u00e4lt, sind nachhaltige Konsequenzen f\u00fcr unseren Organismus fast unvermeidbar. Burnout ist aber nur eine der m\u00f6glichen Folgen von Dauerstress. Auch viele k\u00f6rperliche Krankheiten sind auf Dauerstress zur\u00fcckzuf\u00fchren.<\/p>\n<p>Man geht heute davon aus, dass die Ursachen von Burnout zum einen in den Umweltbedingungen liegen, in denen sich jemand befindet und zum anderen bestimmte Pers\u00f6nlichkeitseigenschaften ein Burnout-Syndrom beg\u00fcnstigen. So k\u00f6nnen neben Zeit- und Leistungsdruck u.a. auch permanente \u00dcber- oder Unterforderung, fehlender Gestaltungsraum oder Angst vor Arbeitsplatzverlust zu einem Burnout-Syndrom f\u00fchren.<\/p>\n<p>In der Beratung von Unternehmen und Betroffenen konzentriere ich mich auf die beeinflussbaren Faktoren.<\/p>\n<h5>Burnout-Pr\u00e4vention<\/h5>\n<ul>\n<li>Ist-Analyse<\/li>\n<li>Beratung von F\u00fchrungskr\u00e4ften und Mitarbeitern<\/li>\n<li>Entwicklung von Fr\u00fchwarnsystemen und betrieblichen Steuerungselementen<\/li>\n<li>Einzelcoaching<\/li>\n<\/ul>\n","protected":false},"excerpt":{"rendered":"<p>Dauerstress wirksam begegnen Das Burnout-Syndrom ist zurzeit in aller Munde. Insgesamt haben die psychischen Erkrankungen in den letzten Jahren stark zugenommen. Vom Burnout-Symptom sind h\u00e4ufig diejenigen betroffen, die sich besonders engagiert, mit viel Ehrgeiz und Idealismus einer Aufgabe widmen. Vor\u00fcbergehende Stresssituationen k\u00f6nnen wir in der Regel gut verkraften, wenn der Stress aber \u00fcber Monate oder &hellip; <\/p>\n<p class=\"link-more\"><a href=\"https:\/\/mkeller-businesscoaching.de\/index.php\/burnout-praevention\/\" class=\"more-link\"><span class=\"screen-reader-text\">\u201eBurnout-Pr\u00e4vention\u201c<\/span> weiterlesen<\/a><\/p>\n","protected":false},"author":2,"featured_media":0,"parent":0,"menu_order":0,"comment_status":"closed","ping_status":"closed","template":"","meta":{"footnotes":""},"_links":{"self":[{"href":"https:\/\/mkeller-businesscoaching.de\/index.php\/wp-json\/wp\/v2\/pages\/68"}],"collection":[{"href":"https:\/\/mkeller-businesscoaching.de\/index.php\/wp-json\/wp\/v2\/pages"}],"about":[{"href":"https:\/\/mkeller-businesscoaching.de\/index.php\/wp-json\/wp\/v2\/types\/page"}],"author":[{"embeddable":true,"href":"https:\/\/mkeller-businesscoaching.de\/index.php\/wp-json\/wp\/v2\/users\/2"}],"replies":[{"embeddable":true,"href":"https:\/\/mkeller-businesscoaching.de\/index.php\/wp-json\/wp\/v2\/comments?post=68"}],"version-history":[{"count":2,"href":"https:\/\/mkeller-businesscoaching.de\/index.php\/wp-json\/wp\/v2\/pages\/68\/revisions"}],"predecessor-version":[{"id":180,"href":"https:\/\/mkeller-businesscoaching.de\/index.php\/wp-json\/wp\/v2\/pages\/68\/revisions\/180"}],"wp:attachment":[{"href":"https:\/\/mkeller-businesscoaching.de\/index.php\/wp-json\/wp\/v2\/media?parent=68"}],"curies":[{"name":"wp","href":"https:\/\/api.w.org\/{rel}","templated":true}]}}