{"id":66,"date":"2018-04-08T13:25:15","date_gmt":"2018-04-08T11:25:15","guid":{"rendered":"http:\/\/31.172.95.69:81\/?page_id=66"},"modified":"2018-04-11T10:22:25","modified_gmt":"2018-04-11T08:22:25","slug":"gesundheitsmanagement","status":"publish","type":"page","link":"https:\/\/mkeller-businesscoaching.de\/index.php\/gesundheitsmanagement\/","title":{"rendered":"Gesundheitsmanagement"},"content":{"rendered":"<h5>Strategisches Gesundheitsmanagement<\/h5>\n<p>Der moderne Arbeitsalltag stellt immer h\u00f6here Anforderungen an die Organisation und die Menschen, bei gleichzeitig alternder Belegschaft. Um nachhaltig erfolgreich zu sein, ist es daher unabdingbar, sich dem Thema Gesundheitsf\u00f6rderung im Unternehmen im st\u00e4rkeren Ma\u00dfe zu widmen. Viele Unternehmen sind bereits mit wertvollen Einzelma\u00dfnahmen gestartet. Ich berate und begleite Sie bei der Entwicklung, Umsetzung und Steuerung eines strategischen Gesundheitsmanagements.<\/p>\n<h5>Die wesentlichen Schritte<\/h5>\n<ul>\n<li>Ziele des Gesundheitsmanagements festlegen<\/li>\n<li>Ist-Situation im Unternehmen analysieren<\/li>\n<li>Handlungsfelder identifizieren<\/li>\n<li>Kostenrahmen festlegen<\/li>\n<li>Ma\u00dfnahmen entwickeln<\/li>\n<li>Prozess zur Umsetzung festlegen<\/li>\n<\/ul>\n<h5>Erfolgskriterien<\/h5>\n<ul>\n<li>Klare Entscheidung f\u00fcr ein strategisches Gesundheitsmanagement durch die Gesch\u00e4ftsleitung<\/li>\n<li>Beteiligung der wesentlichen Akteure und Entscheidungstr\u00e4ger<\/li>\n<li>Bereitstellung der erforderlichen Mittel<\/li>\n<li>Kompetentes Projektmanagement<\/li>\n<li>Kommunikation<\/li>\n<li>Evaluation<\/li>\n<li>Nachhaltigkeit<\/li>\n<\/ul>\n","protected":false},"excerpt":{"rendered":"<p>Strategisches Gesundheitsmanagement Der moderne Arbeitsalltag stellt immer h\u00f6here Anforderungen an die Organisation und die Menschen, bei gleichzeitig alternder Belegschaft. Um nachhaltig erfolgreich zu sein, ist es daher unabdingbar, sich dem Thema Gesundheitsf\u00f6rderung im Unternehmen im st\u00e4rkeren Ma\u00dfe zu widmen. Viele Unternehmen sind bereits mit wertvollen Einzelma\u00dfnahmen gestartet. Ich berate und begleite Sie bei der Entwicklung, &hellip; <\/p>\n<p class=\"link-more\"><a href=\"https:\/\/mkeller-businesscoaching.de\/index.php\/gesundheitsmanagement\/\" class=\"more-link\"><span class=\"screen-reader-text\">\u201eGesundheitsmanagement\u201c<\/span> weiterlesen<\/a><\/p>\n","protected":false},"author":2,"featured_media":0,"parent":0,"menu_order":0,"comment_status":"closed","ping_status":"closed","template":"","meta":{"footnotes":""},"_links":{"self":[{"href":"https:\/\/mkeller-businesscoaching.de\/index.php\/wp-json\/wp\/v2\/pages\/66"}],"collection":[{"href":"https:\/\/mkeller-businesscoaching.de\/index.php\/wp-json\/wp\/v2\/pages"}],"about":[{"href":"https:\/\/mkeller-businesscoaching.de\/index.php\/wp-json\/wp\/v2\/types\/page"}],"author":[{"embeddable":true,"href":"https:\/\/mkeller-businesscoaching.de\/index.php\/wp-json\/wp\/v2\/users\/2"}],"replies":[{"embeddable":true,"href":"https:\/\/mkeller-businesscoaching.de\/index.php\/wp-json\/wp\/v2\/comments?post=66"}],"version-history":[{"count":2,"href":"https:\/\/mkeller-businesscoaching.de\/index.php\/wp-json\/wp\/v2\/pages\/66\/revisions"}],"predecessor-version":[{"id":187,"href":"https:\/\/mkeller-businesscoaching.de\/index.php\/wp-json\/wp\/v2\/pages\/66\/revisions\/187"}],"wp:attachment":[{"href":"https:\/\/mkeller-businesscoaching.de\/index.php\/wp-json\/wp\/v2\/media?parent=66"}],"curies":[{"name":"wp","href":"https:\/\/api.w.org\/{rel}","templated":true}]}}