{"id":64,"date":"2018-04-08T13:24:32","date_gmt":"2018-04-08T11:24:32","guid":{"rendered":"http:\/\/31.172.95.69:81\/?page_id=64"},"modified":"2018-04-11T10:22:03","modified_gmt":"2018-04-11T08:22:03","slug":"fuehrung","status":"publish","type":"page","link":"https:\/\/mkeller-businesscoaching.de\/index.php\/fuehrung\/","title":{"rendered":"F\u00fchrung"},"content":{"rendered":"<h5>Sich selbst und andere f\u00fchren<\/h5>\n<p>F\u00fchrung ist als wesentlicher Erfolgsfaktor f\u00fcr Unternehmen eine der wichtigsten und verantwortungsvollsten Aufgaben. Auf Grund meiner eigenen F\u00fchrungserfahrung und langj\u00e4hrigen Managementt\u00e4tigkeit im Personalbereich, berate ich Unternehmen praxisorientiert bei der Einf\u00fchrung von F\u00fchrungsinstrumenten.<\/p>\n<p>Au\u00dferdem unterst\u00fctze ich sowohl junge als auch erfahrene F\u00fchrungskr\u00e4fte dabei, ihre F\u00fchrungsf\u00e4higkeiten auszubauen und ihre eigene F\u00fchrungsrolle und F\u00fchrungsidentit\u00e4t zu finden und zu entwickeln.<\/p>\n<h5>Fragen zur Reflexion der eigenen F\u00fchrung<\/h5>\n<ul>\n<li>Was ist F\u00fchrung?<\/li>\n<li>Wie f\u00fchre ich mich selbst und wie f\u00fchre ich Andere?<\/li>\n<li>In welcher F\u00fchrungsrolle sehe ich mich?<\/li>\n<li>Wann bin ich als F\u00fchrungskraft erfolgreich?<\/li>\n<li>Welche Ziele will ich erreichen?<\/li>\n<li>Welche F\u00e4higkeiten sind erforderlich und welche F\u00e4higkeiten will ich ausbauen?<\/li>\n<\/ul>\n","protected":false},"excerpt":{"rendered":"<p>Sich selbst und andere f\u00fchren F\u00fchrung ist als wesentlicher Erfolgsfaktor f\u00fcr Unternehmen eine der wichtigsten und verantwortungsvollsten Aufgaben. Auf Grund meiner eigenen F\u00fchrungserfahrung und langj\u00e4hrigen Managementt\u00e4tigkeit im Personalbereich, berate ich Unternehmen praxisorientiert bei der Einf\u00fchrung von F\u00fchrungsinstrumenten. Au\u00dferdem unterst\u00fctze ich sowohl junge als auch erfahrene F\u00fchrungskr\u00e4fte dabei, ihre F\u00fchrungsf\u00e4higkeiten auszubauen und ihre eigene F\u00fchrungsrolle und &hellip; <\/p>\n<p class=\"link-more\"><a href=\"https:\/\/mkeller-businesscoaching.de\/index.php\/fuehrung\/\" class=\"more-link\"><span class=\"screen-reader-text\">\u201eF\u00fchrung\u201c<\/span> weiterlesen<\/a><\/p>\n","protected":false},"author":2,"featured_media":0,"parent":0,"menu_order":0,"comment_status":"closed","ping_status":"closed","template":"","meta":{"footnotes":""},"_links":{"self":[{"href":"https:\/\/mkeller-businesscoaching.de\/index.php\/wp-json\/wp\/v2\/pages\/64"}],"collection":[{"href":"https:\/\/mkeller-businesscoaching.de\/index.php\/wp-json\/wp\/v2\/pages"}],"about":[{"href":"https:\/\/mkeller-businesscoaching.de\/index.php\/wp-json\/wp\/v2\/types\/page"}],"author":[{"embeddable":true,"href":"https:\/\/mkeller-businesscoaching.de\/index.php\/wp-json\/wp\/v2\/users\/2"}],"replies":[{"embeddable":true,"href":"https:\/\/mkeller-businesscoaching.de\/index.php\/wp-json\/wp\/v2\/comments?post=64"}],"version-history":[{"count":2,"href":"https:\/\/mkeller-businesscoaching.de\/index.php\/wp-json\/wp\/v2\/pages\/64\/revisions"}],"predecessor-version":[{"id":186,"href":"https:\/\/mkeller-businesscoaching.de\/index.php\/wp-json\/wp\/v2\/pages\/64\/revisions\/186"}],"wp:attachment":[{"href":"https:\/\/mkeller-businesscoaching.de\/index.php\/wp-json\/wp\/v2\/media?parent=64"}],"curies":[{"name":"wp","href":"https:\/\/api.w.org\/{rel}","templated":true}]}}