{"id":61,"date":"2018-04-08T13:23:48","date_gmt":"2018-04-08T11:23:48","guid":{"rendered":"http:\/\/31.172.95.69:81\/?page_id=61"},"modified":"2018-04-11T10:26:15","modified_gmt":"2018-04-11T08:26:15","slug":"managementberatung","status":"publish","type":"page","link":"https:\/\/mkeller-businesscoaching.de\/index.php\/managementberatung\/","title":{"rendered":"Managementberatung"},"content":{"rendered":"<h5>Managementberatung<\/h5>\n<p>Als Managerin und Manager sind Sie t\u00e4glich mit den unterschiedlichsten Fragestellungen und Anforderungen konfrontiert.<\/p>\n<p>Auf Grund meiner breiten Kompetenz und Erfahrung rund um das Thema Personal und F\u00fchrung biete ich Ihnen neben fachlicher Beratung, eine individuelle Begleitung als Sparringspartner und Feedbackgeber. Durch wertfreies Zuh\u00f6ren und kritisches Hinterfragen unterst\u00fctze ich Sie darin, mehr Klarheit in Ihre \u00dcberlegungen und Planungen zu bringen und Ihre Ziele umzusetzen.<\/p>\n<p>&nbsp;<\/p>\n","protected":false},"excerpt":{"rendered":"<p>Managementberatung Als Managerin und Manager sind Sie t\u00e4glich mit den unterschiedlichsten Fragestellungen und Anforderungen konfrontiert. Auf Grund meiner breiten Kompetenz und Erfahrung rund um das Thema Personal und F\u00fchrung biete ich Ihnen neben fachlicher Beratung, eine individuelle Begleitung als Sparringspartner und Feedbackgeber. Durch wertfreies Zuh\u00f6ren und kritisches Hinterfragen unterst\u00fctze ich Sie darin, mehr Klarheit in &hellip; <\/p>\n<p class=\"link-more\"><a href=\"https:\/\/mkeller-businesscoaching.de\/index.php\/managementberatung\/\" class=\"more-link\"><span class=\"screen-reader-text\">\u201eManagementberatung\u201c<\/span> weiterlesen<\/a><\/p>\n","protected":false},"author":2,"featured_media":0,"parent":0,"menu_order":0,"comment_status":"closed","ping_status":"closed","template":"","meta":{"footnotes":""},"_links":{"self":[{"href":"https:\/\/mkeller-businesscoaching.de\/index.php\/wp-json\/wp\/v2\/pages\/61"}],"collection":[{"href":"https:\/\/mkeller-businesscoaching.de\/index.php\/wp-json\/wp\/v2\/pages"}],"about":[{"href":"https:\/\/mkeller-businesscoaching.de\/index.php\/wp-json\/wp\/v2\/types\/page"}],"author":[{"embeddable":true,"href":"https:\/\/mkeller-businesscoaching.de\/index.php\/wp-json\/wp\/v2\/users\/2"}],"replies":[{"embeddable":true,"href":"https:\/\/mkeller-businesscoaching.de\/index.php\/wp-json\/wp\/v2\/comments?post=61"}],"version-history":[{"count":2,"href":"https:\/\/mkeller-businesscoaching.de\/index.php\/wp-json\/wp\/v2\/pages\/61\/revisions"}],"predecessor-version":[{"id":193,"href":"https:\/\/mkeller-businesscoaching.de\/index.php\/wp-json\/wp\/v2\/pages\/61\/revisions\/193"}],"wp:attachment":[{"href":"https:\/\/mkeller-businesscoaching.de\/index.php\/wp-json\/wp\/v2\/media?parent=61"}],"curies":[{"name":"wp","href":"https:\/\/api.w.org\/{rel}","templated":true}]}}