{"id":59,"date":"2018-04-08T13:23:05","date_gmt":"2018-04-08T11:23:05","guid":{"rendered":"http:\/\/31.172.95.69:81\/?page_id=59"},"modified":"2018-04-11T10:27:41","modified_gmt":"2018-04-11T08:27:41","slug":"schwerpunkte","status":"publish","type":"page","link":"https:\/\/mkeller-businesscoaching.de\/index.php\/schwerpunkte\/","title":{"rendered":"Schwerpunkte"},"content":{"rendered":"<h5>Meine Beratungsschwerpunkte<\/h5>\n<ul>\n<li>F\u00fchrung- und Steuerung<\/li>\n<li>Ziel- und Strategieprozesse<\/li>\n<li>Strategisches Gesundheitsmanagement<\/li>\n<li>Burnout-Pr\u00e4vention<\/li>\n<li>Zeit- und Selbstmanagement<\/li>\n<li>Fachkr\u00e4ftemangel und alternde Belegschaft<\/li>\n<li>Konkrete Anliegen aus dem beruflichen Alltag<\/li>\n<\/ul>\n","protected":false},"excerpt":{"rendered":"<p>Meine Beratungsschwerpunkte F\u00fchrung- und Steuerung Ziel- und Strategieprozesse Strategisches Gesundheitsmanagement Burnout-Pr\u00e4vention Zeit- und Selbstmanagement Fachkr\u00e4ftemangel und alternde Belegschaft Konkrete Anliegen aus dem beruflichen Alltag<\/p>\n","protected":false},"author":2,"featured_media":0,"parent":0,"menu_order":0,"comment_status":"closed","ping_status":"closed","template":"","meta":{"footnotes":""},"_links":{"self":[{"href":"https:\/\/mkeller-businesscoaching.de\/index.php\/wp-json\/wp\/v2\/pages\/59"}],"collection":[{"href":"https:\/\/mkeller-businesscoaching.de\/index.php\/wp-json\/wp\/v2\/pages"}],"about":[{"href":"https:\/\/mkeller-businesscoaching.de\/index.php\/wp-json\/wp\/v2\/types\/page"}],"author":[{"embeddable":true,"href":"https:\/\/mkeller-businesscoaching.de\/index.php\/wp-json\/wp\/v2\/users\/2"}],"replies":[{"embeddable":true,"href":"https:\/\/mkeller-businesscoaching.de\/index.php\/wp-json\/wp\/v2\/comments?post=59"}],"version-history":[{"count":3,"href":"https:\/\/mkeller-businesscoaching.de\/index.php\/wp-json\/wp\/v2\/pages\/59\/revisions"}],"predecessor-version":[{"id":179,"href":"https:\/\/mkeller-businesscoaching.de\/index.php\/wp-json\/wp\/v2\/pages\/59\/revisions\/179"}],"wp:attachment":[{"href":"https:\/\/mkeller-businesscoaching.de\/index.php\/wp-json\/wp\/v2\/media?parent=59"}],"curies":[{"name":"wp","href":"https:\/\/api.w.org\/{rel}","templated":true}]}}