{"id":57,"date":"2018-04-08T13:22:06","date_gmt":"2018-04-08T11:22:06","guid":{"rendered":"http:\/\/31.172.95.69:81\/?page_id=57"},"modified":"2018-04-11T10:05:18","modified_gmt":"2018-04-11T08:05:18","slug":"philosophie","status":"publish","type":"page","link":"https:\/\/mkeller-businesscoaching.de\/index.php\/philosophie\/","title":{"rendered":"Philosophie"},"content":{"rendered":"<h5><strong>Nachhaltiger Erfolg durch werteorientierte F\u00fchrung\u00a0<\/strong><\/h5>\n<p>Ich berate und coache Unternehmer, F\u00fchrungskr\u00e4fte und Mitarbeiter auf ihrem Weg zum nachhaltigen Erfolg. Ich bin Ihr Partner wenn Sie wirtschaftlichen Erfolg und ein gesundheitsf\u00f6rderndes Arbeitsumfeld in Einklang bringen wollen.<\/p>\n<p>Meine Beratung und mein Coaching sind zielgerichtet und l\u00f6sungsorientiert. Dabei ber\u00fccksichtige ich die kurzfristige Probleml\u00f6sung genauso wie den langfristigen Erfolg. Ich stelle Fragen und gebe Anregungen. Ich sehe mich als Ratgeberin, die Ihnen und Ihrem Anliegen wertsch\u00e4tzend und mit Respekt begegnet. Ich gebe Ihnen ehrliches und pr\u00e4zises Feedback und unterst\u00fctze Sie, Projekte umzusetzen, Ihre Potenziale weiterzuentwickeln und neue Perspektiven zu gewinnen.<\/p>\n<p>Ich stehe f\u00fcr eine werteorientierte F\u00fchrung und Achtsamkeit im Umgang mit dem Markt, den Finanzen, den Mitarbeitern und Kunden, aber auch mit der eigenen Gesundheit, den eigenen Ressourcen, dem pers\u00f6nlichen Umfeld und der Familie.<\/p>\n<p>Die Basis f\u00fcr unsere Zusammenarbeit sind Verl\u00e4sslichkeit, Vertrauen, Wertsch\u00e4tzung und Vertraulichkeit. Zur Qualit\u00e4tssicherung \u00fcberpr\u00fcfe und erweitere ich regelm\u00e4\u00dfig meine eigene Kompetenz und baue sie durch den Austausch in einem Kollegennetzwerk aus.<\/p>\n","protected":false},"excerpt":{"rendered":"<p>Nachhaltiger Erfolg durch werteorientierte F\u00fchrung\u00a0 Ich berate und coache Unternehmer, F\u00fchrungskr\u00e4fte und Mitarbeiter auf ihrem Weg zum nachhaltigen Erfolg. Ich bin Ihr Partner wenn Sie wirtschaftlichen Erfolg und ein gesundheitsf\u00f6rderndes Arbeitsumfeld in Einklang bringen wollen. Meine Beratung und mein Coaching sind zielgerichtet und l\u00f6sungsorientiert. Dabei ber\u00fccksichtige ich die kurzfristige Probleml\u00f6sung genauso wie den langfristigen Erfolg. &hellip; <\/p>\n<p class=\"link-more\"><a href=\"https:\/\/mkeller-businesscoaching.de\/index.php\/philosophie\/\" class=\"more-link\"><span class=\"screen-reader-text\">\u201ePhilosophie\u201c<\/span> weiterlesen<\/a><\/p>\n","protected":false},"author":2,"featured_media":0,"parent":0,"menu_order":0,"comment_status":"closed","ping_status":"closed","template":"","meta":{"footnotes":""},"_links":{"self":[{"href":"https:\/\/mkeller-businesscoaching.de\/index.php\/wp-json\/wp\/v2\/pages\/57"}],"collection":[{"href":"https:\/\/mkeller-businesscoaching.de\/index.php\/wp-json\/wp\/v2\/pages"}],"about":[{"href":"https:\/\/mkeller-businesscoaching.de\/index.php\/wp-json\/wp\/v2\/types\/page"}],"author":[{"embeddable":true,"href":"https:\/\/mkeller-businesscoaching.de\/index.php\/wp-json\/wp\/v2\/users\/2"}],"replies":[{"embeddable":true,"href":"https:\/\/mkeller-businesscoaching.de\/index.php\/wp-json\/wp\/v2\/comments?post=57"}],"version-history":[{"count":2,"href":"https:\/\/mkeller-businesscoaching.de\/index.php\/wp-json\/wp\/v2\/pages\/57\/revisions"}],"predecessor-version":[{"id":171,"href":"https:\/\/mkeller-businesscoaching.de\/index.php\/wp-json\/wp\/v2\/pages\/57\/revisions\/171"}],"wp:attachment":[{"href":"https:\/\/mkeller-businesscoaching.de\/index.php\/wp-json\/wp\/v2\/media?parent=57"}],"curies":[{"name":"wp","href":"https:\/\/api.w.org\/{rel}","templated":true}]}}