{"id":131,"date":"2018-04-08T14:06:19","date_gmt":"2018-04-08T12:06:19","guid":{"rendered":"http:\/\/31.172.95.69:81\/?page_id=131"},"modified":"2018-04-11T10:28:34","modified_gmt":"2018-04-11T08:28:34","slug":"selbstmanagement","status":"publish","type":"page","link":"https:\/\/mkeller-businesscoaching.de\/index.php\/selbstmanagement\/","title":{"rendered":"Selbstmanagement"},"content":{"rendered":"<h5>Ressourcenorientiertes Selbstmanagement mit dem ZRM<\/h5>\n<p>(Z\u00fcrcher Ressourcen Modell nach Dr. Maja Storch und Dr. Frank Krause)<\/p>\n<h5>Worum geht es?<\/h5>\n<p>Warum erreichen manche ihre Ziele und andere nicht?<\/p>\n<h5>Zielgruppe<\/h5>\n<p>Das Seminar richtet sich an F\u00fchrungskr\u00e4fte und Mitarbeiter, die ihr Selbstmanagement ausbauen\u00a0 wollen.<\/p>\n<h5>Inhalte und Methoden<\/h5>\n<p>Die Teilnehmer lernen, ihre Ressourcen zum zielgerichteten Handeln zu aktivieren und sich selbst zu motivieren. Unterst\u00fctzt durch das ZRM &#8211; Z\u00fcrcher Ressourcen Modell erweitern die Teilnehmer ihre Selbstmanagementkompetenzen und lernen Ziele handlungswirksam zu gestalten. Die Teilnehmer erlernen, wie sie herausfinden, was sie wirklich wollen, was sie motiviert und wie sie ihre Ziele erreichen. Sie bauen ihre Selbstwahrnehmung aus und entwickeln Strategien zur Stressreduktion und zum langfristigen Erhalt ihrer Gesundheit und Motivation.<\/p>\n<p>Neben Trainerinput, Einzel- und Gruppen\u00fcbungen basiert das Selbstmanagementtraining auf dem ZRM. Das ZRM unterst\u00fctzt Menschen, zielgerichtet zu handeln und auf eine ressourcenorientierte Art mit sich umzugehen. Beim ZRM handelt es sich um eine aktuelle Methodik aus der Motivationspsychologie, die von Frau Dr. M. Storch und Herrn Dr. F. Krause entwickelt wurde und regelm\u00e4\u00dfig evaluiert wird.<\/p>\n<p>Durch die in den Seminarrhythmus integrierten Bewegungs-, Entspannungs- und Achtsamkeits\u00fcbungen erhalten die Teilnehmer dar\u00fcber hinaus Anregungen f\u00fcr ihren Arbeitsalltag.<\/p>\n","protected":false},"excerpt":{"rendered":"<p>Ressourcenorientiertes Selbstmanagement mit dem ZRM (Z\u00fcrcher Ressourcen Modell nach Dr. Maja Storch und Dr. Frank Krause) Worum geht es? Warum erreichen manche ihre Ziele und andere nicht? Zielgruppe Das Seminar richtet sich an F\u00fchrungskr\u00e4fte und Mitarbeiter, die ihr Selbstmanagement ausbauen\u00a0 wollen. Inhalte und Methoden Die Teilnehmer lernen, ihre Ressourcen zum zielgerichteten Handeln zu aktivieren und &hellip; <\/p>\n<p class=\"link-more\"><a href=\"https:\/\/mkeller-businesscoaching.de\/index.php\/selbstmanagement\/\" class=\"more-link\"><span class=\"screen-reader-text\">\u201eSelbstmanagement\u201c<\/span> weiterlesen<\/a><\/p>\n","protected":false},"author":2,"featured_media":0,"parent":0,"menu_order":0,"comment_status":"closed","ping_status":"closed","template":"","meta":{"footnotes":""},"_links":{"self":[{"href":"https:\/\/mkeller-businesscoaching.de\/index.php\/wp-json\/wp\/v2\/pages\/131"}],"collection":[{"href":"https:\/\/mkeller-businesscoaching.de\/index.php\/wp-json\/wp\/v2\/pages"}],"about":[{"href":"https:\/\/mkeller-businesscoaching.de\/index.php\/wp-json\/wp\/v2\/types\/page"}],"author":[{"embeddable":true,"href":"https:\/\/mkeller-businesscoaching.de\/index.php\/wp-json\/wp\/v2\/users\/2"}],"replies":[{"embeddable":true,"href":"https:\/\/mkeller-businesscoaching.de\/index.php\/wp-json\/wp\/v2\/comments?post=131"}],"version-history":[{"count":3,"href":"https:\/\/mkeller-businesscoaching.de\/index.php\/wp-json\/wp\/v2\/pages\/131\/revisions"}],"predecessor-version":[{"id":197,"href":"https:\/\/mkeller-businesscoaching.de\/index.php\/wp-json\/wp\/v2\/pages\/131\/revisions\/197"}],"wp:attachment":[{"href":"https:\/\/mkeller-businesscoaching.de\/index.php\/wp-json\/wp\/v2\/media?parent=131"}],"curies":[{"name":"wp","href":"https:\/\/api.w.org\/{rel}","templated":true}]}}